{"id":156,"date":"2024-05-29T15:24:33","date_gmt":"2024-05-29T15:24:33","guid":{"rendered":"https:\/\/viethoalau.com\/?page_id=156"},"modified":"2024-12-23T12:53:49","modified_gmt":"2024-12-23T05:53:49","slug":"gioi-thieu","status":"publish","type":"page","link":"https:\/\/viethoalau.com\/index.php\/gioi-thieu\/","title":{"rendered":"Gi\u1edbi Thi\u1ec7u"},"content":{"rendered":"\t\t<div data-elementor-type=\"wp-page\" data-elementor-id=\"156\" class=\"elementor elementor-156\" data-elementor-post-type=\"page\">\n\t\t\t\t\t\t<section class=\"elementor-section elementor-top-section elementor-element elementor-element-1ae0b4e3 elementor-section-boxed elementor-section-height-default elementor-section-height-default\" data-id=\"1ae0b4e3\" data-element_type=\"section\" data-settings=\"{&quot;background_background&quot;:&quot;classic&quot;,&quot;shape_divider_bottom&quot;:&quot;zigzag&quot;}\">\n\t\t\t\t\t\t\t<div class=\"elementor-background-overlay\"><\/div>\n\t\t\t\t\t\t<div class=\"elementor-shape elementor-shape-bottom\" data-negative=\"false\">\n\t\t\t<svg xmlns=\"http:\/\/www.w3.org\/2000\/svg\" viewBox=\"0 0 1800 5.8\" preserveAspectRatio=\"none\">\n  <path class=\"elementor-shape-fill\" d=\"M5.4.4l5.4 5.3L16.5.4l5.4 5.3L27.5.4 33 5.7 38.6.4l5.5 5.4h.1L49.9.4l5.4 5.3L60.9.4l5.5 5.3L72 .4l5.5 5.3L83.1.4l5.4 5.3L94.1.4l5.5 5.4h.2l5.6-5.4 5.5 5.3 5.6-5.3 5.4 5.3 5.6-5.3 5.5 5.3 5.6-5.3 5.5 5.4h.2l5.6-5.4 5.4 5.3L161 .4l5.4 5.3L172 .4l5.5 5.3 5.6-5.3 5.4 5.3 5.7-5.3 5.4 5.4h.2l5.6-5.4 5.5 5.3 5.6-5.3 5.5 5.3 5.6-5.3 5.4 5.3 5.6-5.3 5.5 5.4h.2l5.6-5.4 5.5 5.3L261 .4l5.4 5.3L272 .4l5.5 5.3 5.6-5.3 5.5 5.3 5.6-5.3 5.5 5.4h.1l5.7-5.4 5.4 5.3 5.6-5.3 5.5 5.3 5.6-5.3 5.4 5.3 5.7-5.3 5.4 5.4h.2l5.6-5.4 5.5 5.3L361 .4l5.5 5.3 5.6-5.3 5.4 5.3 5.6-5.3 5.5 5.3 5.6-5.3 5.5 5.4h.1l5.7-5.4 5.4 5.3 5.6-5.3 5.5 5.3 5.6-5.3 5.5 5.3 5.6-5.3 5.5 5.4h.1l5.6-5.4 5.5 5.3L461 .4l5.5 5.3 5.6-5.3 5.4 5.3 5.7-5.3 5.4 5.3 5.6-5.3 5.5 5.4h.2l5.6-5.4 5.5 5.3 5.6-5.3 5.4 5.3 5.6-5.3 5.5 5.3 5.6-5.3 5.5 5.4h.1L550 .4l5.4 5.3L561 .4l5.5 5.3 5.6-5.3 5.5 5.3 5.6-5.3 5.4 5.3 5.6-5.3 5.5 5.4h.2l5.6-5.4 5.5 5.3 5.6-5.3 5.4 5.3 5.7-5.3 5.4 5.3 5.6-5.3 5.5 5.4h.2L650 .4l5.5 5.3 5.6-5.3 5.4 5.3 5.6-5.3 5.5 5.3 5.6-5.3 5.5 5.3 5.6-5.3 5.4 5.4h.2l5.6-5.4 5.5 5.3 5.6-5.3 5.5 5.3 5.6-5.3 5.4 5.3 5.6-5.3 5.5 5.4h.2L750 .4l5.5 5.3 5.6-5.3 5.4 5.3 5.7-5.3 5.4 5.3 5.6-5.3 5.5 5.3 5.6-5.3 5.5 5.4h.1l5.7-5.4 5.4 5.3 5.6-5.3 5.5 5.3 5.6-5.3 5.5 5.3 5.6-5.3 5.4 5.4h.2L850 .4l5.5 5.3 5.6-5.3 5.5 5.3 5.6-5.3 5.4 5.3 5.6-5.3 5.5 5.3 5.6-5.3 5.5 5.4h.2l5.6-5.4 5.4 5.3 5.7-5.3 5.4 5.3 5.6-5.3 5.5 5.3 5.6-5.3 5.5 5.4h.1l5.7-5.4 5.4 5.3 5.6-5.3 5.5 5.3 5.6-5.3 5.5 5.3 5.6-5.3 5.4 5.3 5.6-5.3 5.5 5.4h.2l5.6-5.4 5.5 5.3 5.6-5.3 5.4 5.3 5.6-5.3 5.5 5.3 5.6-5.3 5.5 5.4h.2l5.6-5.4 5.4 5.3 5.7-5.3 5.4 5.3 5.6-5.3 5.5 5.3 5.6-5.3 5.5 5.3 5.6-5.3 5.4 5.4h.2l5.6-5.4 5.5 5.3 5.6-5.3 5.5 5.3 5.6-5.3 5.4 5.3 5.6-5.3 5.5 5.4h.2l5.6-5.4 5.5 5.3 5.6-5.3 5.4 5.3 5.6-5.3 5.5 5.3 5.6-5.3 5.5 5.3 5.6-5.3 5.5 5.4h.1l5.7-5.4 5.4 5.3 5.6-5.3 5.5 5.3 5.6-5.3 5.5 5.3 5.6-5.3 5.4 5.4h.2l5.6-5.4 5.5 5.3 5.6-5.3 5.5 5.3 5.6-5.3 5.4 5.3 5.6-5.3 5.5 5.3 5.6-5.3 5.5 5.4h.2l5.6-5.4 5.4 5.3 5.6-5.3 5.5 5.3 5.6-5.3 5.5 5.3 5.6-5.3 5.5 5.4h.1l5.7-5.4 5.4 5.3 5.6-5.3 5.5 5.3 5.6-5.3 5.5 5.3 5.6-5.3 5.4 5.3 5.6-5.3 5.5 5.4h.2l5.6-5.4 5.5 5.3 5.6-5.3 5.4 5.3 5.6-5.3 5.5 5.3 5.6-5.3 5.5 5.4h.2l5.6-5.4 5.4 5.3 5.6-5.3 5.5 5.3 5.6-5.3 5.5 5.3 5.6-5.3 5.4 5.3 5.7-5.3 5.4 5.4h.2l5.6-5.4 5.5 5.3 5.6-5.3 5.5 5.3 5.6-5.3 5.4 5.3 5.6-5.3 5.5 5.4h.2l5.6-5.4 5.5 5.3 5.6-5.3 5.4 5.3 5.6-5.3 5.5 5.3 5.6-5.3 5.5 5.3 5.6-5.3 5.5 5.4h.1l5.6-5.4 5.5 5.3 5.6-5.3 5.5 5.3 5.6-5.3 5.4 5.3 5.7-5.3 5.4 5.4h.2l5.6-5.4 5.5 5.3 5.6-5.3 5.5 5.3 5.6-5.3 5.4 5.3 5.6-5.3 5.5 5.3 5.6-5.3 5.5 5.4h.1l5.7-5.4 5.4 5.3 5.6-5.3 5.5 5.3 5.6-5.3 5.5 5.3 5.6-5.3 5.5 5.4h.1l5.6-5.4 5.5 5.3 5.6-5.3 5.5 5.3 5.6-5.3 5.4 5.3 5.7-5.3 5.4 5.3 5.6-5.3 5.5 5.4V0H-.2v5.8z\"\/>\n<\/svg>\n\t\t<\/div>\n\t\t\t\t\t<div class=\"elementor-container elementor-column-gap-default\">\n\t\t\t\t\t<div class=\"elementor-column elementor-col-100 elementor-top-column elementor-element elementor-element-1367b5ae\" data-id=\"1367b5ae\" data-element_type=\"column\">\n\t\t\t<div class=\"elementor-widget-wrap elementor-element-populated\">\n\t\t\t\t\t\t<div class=\"elementor-element elementor-element-2a5204f3 elementor-widget elementor-widget-ucaddon_separator_divider\" data-id=\"2a5204f3\" data-element_type=\"widget\" data-widget_type=\"ucaddon_separator_divider.default\">\n\t\t\t\t<div class=\"elementor-widget-container\">\n\t\t\t\n<!-- start Unlimited Separator Divider -->\n<style>\/* widget: Unlimited Separator Divider *\/\n\n#uc_separator_divider_elementor_2a5204f3 svg\n{\n  width:100%;\n}\n\n<\/style>\n\n<div id=\"uc_separator_divider_elementor_2a5204f3\" class=\"separator_divider\">   \n  \n\t\n  \n  \n  \n   \n  \n  \n  <svg version=\"1.1\" xmlns=\"http:\/\/www.w3.org\/2000\/svg\" xmlns:xlink=\"http:\/\/www.w3.org\/1999\/xlink\" x=\"0px\" y=\"0px\"\n\t viewBox=\"0 0 86.1 17.1\" style=\"enable-background:new 0 0 86.1 17.1;\" xml:space=\"preserve\" >\n\n<g>\n\t<path class=\"st0\" d=\"M68.5,9.2c-4.7-3.5-14-1.1-21.4,2.1c-7.5,3.3-14.4,5.6-14.4,5.6c4.2,1.4,13.8-4.1,23.8-7\n\t\tC65.1,7.4,68.1,9,68.5,9.2z\"\/>\n\t<path class=\"st0\" d=\"M18,7.5c1.2,1.2,5.2,2.5,13.3-0.2c6.3-2.1,15.4-5.8,15.4-5.8c-6.8-0.7-8.6,2.3-17.5,5.1\n\t\tC21.1,9.2,18,7.5,18,7.5z\"\/>\n\t<path class=\"st0\" d=\"M13.6,17c9.2,0.7,17-2.7,24.6-5.9l3.3-1.4C49.2,6.4,60,1.8,69.9,2.1C78.9,2.4,84,4.8,84,8.6\n\t\tc0,3.3-3.2,5.3-9.5,5.8c-6.3,0.5-11.8-3.3-11.9-3.3c-0.5-0.3-1.1-0.2-1.5,0.3c-0.3,0.5-0.2,1.1,0.3,1.5c0.2,0.2,6.2,4.2,13.3,3.7\n\t\tc9.5-0.7,11.5-4.7,11.5-7.9c0-3-2.1-8.1-16.2-8.6C59.6-0.3,49.1,3.7,41.1,7.1l-3.3,1.4c-7.3,3.1-15.4,7-24.1,6.4\n\t\tc-10.3-0.7-11.6-4-11.6-6.8C2.1,7.3,2.4,6.6,3,6c1.7-1.6,5.5-2.6,10-2.4c5.5,0.2,9.5,1.7,9.6,1.8c0.5,0.3,1.1,0,1.4-0.5\n\t\tc0.3-0.5,0-1.1-0.5-1.4c-0.2-0.1-4.5-1.8-10.4-2c-5.1-0.2-9.4,1-11.6,3C0.5,5.5,0,6.7,0,8.1C0,13.5,4.3,16.3,13.6,17z\"\/>\n<\/g>\n<\/svg>\n  \n\n    \n    \n  \n    \n  \n  \n  \n    \n    \n    \n    \n  \n<\/div>\n<!-- end Unlimited Separator Divider -->\t\t<\/div>\n\t\t\t\t<\/div>\n\t\t\t\t<div class=\"elementor-element elementor-element-29af57d elementor-widget elementor-widget-heading\" data-id=\"29af57d\" data-element_type=\"widget\" data-widget_type=\"heading.default\">\n\t\t\t\t<div class=\"elementor-widget-container\">\n\t\t\t<style>\/*! elementor - v3.21.0 - 22-05-2024 *\/\n.elementor-heading-title{padding:0;margin:0;line-height:1}.elementor-widget-heading .elementor-heading-title[class*=elementor-size-]>a{color:inherit;font-size:inherit;line-height:inherit}.elementor-widget-heading .elementor-heading-title.elementor-size-small{font-size:15px}.elementor-widget-heading .elementor-heading-title.elementor-size-medium{font-size:19px}.elementor-widget-heading .elementor-heading-title.elementor-size-large{font-size:29px}.elementor-widget-heading .elementor-heading-title.elementor-size-xl{font-size:39px}.elementor-widget-heading .elementor-heading-title.elementor-size-xxl{font-size:59px}<\/style><h2 class=\"elementor-heading-title elementor-size-default\">VI\u1ec6T HOA L\u1ea6U<\/h2>\t\t<\/div>\n\t\t\t\t<\/div>\n\t\t\t\t<div class=\"elementor-element elementor-element-4e362ed2 elementor-widget elementor-widget-text-editor\" data-id=\"4e362ed2\" data-element_type=\"widget\" data-widget_type=\"text-editor.default\">\n\t\t\t\t<div class=\"elementor-widget-container\">\n\t\t\t<style>\/*! elementor - v3.21.0 - 22-05-2024 *\/\n.elementor-widget-text-editor.elementor-drop-cap-view-stacked .elementor-drop-cap{background-color:#69727d;color:#fff}.elementor-widget-text-editor.elementor-drop-cap-view-framed .elementor-drop-cap{color:#69727d;border:3px solid;background-color:transparent}.elementor-widget-text-editor:not(.elementor-drop-cap-view-default) .elementor-drop-cap{margin-top:8px}.elementor-widget-text-editor:not(.elementor-drop-cap-view-default) .elementor-drop-cap-letter{width:1em;height:1em}.elementor-widget-text-editor .elementor-drop-cap{float:left;text-align:center;line-height:1;font-size:50px}.elementor-widget-text-editor .elementor-drop-cap-letter{display:inline-block}<\/style>\t\t\t\t<p>\u1ea8M TH\u1ef0C TRUNG QU\u1ed0C<\/p>\t\t\t\t\t\t<\/div>\n\t\t\t\t<\/div>\n\t\t\t\t\t<\/div>\n\t\t<\/div>\n\t\t\t\t\t<\/div>\n\t\t<\/section>\n\t\t\t\t<section class=\"elementor-section elementor-top-section elementor-element elementor-element-e8dcf77 elementor-section-boxed elementor-section-height-default elementor-section-height-default\" data-id=\"e8dcf77\" data-element_type=\"section\">\n\t\t\t\t\t\t<div class=\"elementor-container elementor-column-gap-wide\">\n\t\t\t\t\t<div class=\"elementor-column elementor-col-50 elementor-top-column elementor-element elementor-element-775fe81f\" data-id=\"775fe81f\" data-element_type=\"column\">\n\t\t\t<div class=\"elementor-widget-wrap elementor-element-populated\">\n\t\t\t\t\t\t<div class=\"elementor-element elementor-element-50ca2d04 elementor-widget elementor-widget-heading\" data-id=\"50ca2d04\" data-element_type=\"widget\" data-widget_type=\"heading.default\">\n\t\t\t\t<div class=\"elementor-widget-container\">\n\t\t\t<h2 class=\"elementor-heading-title elementor-size-default\">VI\u1ec6T HOA L\u1ea6U<\/h2>\t\t<\/div>\n\t\t\t\t<\/div>\n\t\t\t\t<div class=\"elementor-element elementor-element-7ae235a7 elementor-widget elementor-widget-heading\" data-id=\"7ae235a7\" data-element_type=\"widget\" data-widget_type=\"heading.default\">\n\t\t\t\t<div class=\"elementor-widget-container\">\n\t\t\t<h2 class=\"elementor-heading-title elementor-size-default\">\u1ea8m Th\u1ef1c Trung Hoa<\/h2>\t\t<\/div>\n\t\t\t\t<\/div>\n\t\t\t\t<div class=\"elementor-element elementor-element-4617eb1c elementor-widget elementor-widget-text-editor\" data-id=\"4617eb1c\" data-element_type=\"widget\" data-widget_type=\"text-editor.default\">\n\t\t\t\t<div class=\"elementor-widget-container\">\n\t\t\t\t\t\t\t<p><span style=\"font-weight: 400;\">Vi\u1ec7t Hoa L\u1ea7u l\u00e0 m\u1ed9t nh\u00e0 h\u00e0ng Trung Hoa n\u1eb1m trong kh\u00e1ch s\u1ea1n 4 sao California Hotel, t\u1ecda l\u1ea1c t\u1ea1i trung t\u00e2m qu\u1eadn 1, S\u00e0i G\u00f2n. V\u1edbi \u0111\u1ed9i ng\u0169 \u0111\u1ea7u b\u1ebfp g\u1ed1c Trung Qu\u1ed1c, ch\u00fang t\u00f4i mong mu\u1ed1n mang \u0111\u1ebfn cho kh\u00e1ch h\u00e0ng tr\u1ea3i nghi\u1ec7m \u1ea9m th\u1ef1c ch\u00e2n th\u1ef1c v\u00e0 \u0111\u1ed9c \u0111\u00e1o nh\u1ea5t trong khu v\u1ef1c. Ch\u00fang t\u00f4i kh\u00f4ng ch\u1ec9 l\u00e0 n\u01a1i th\u01b0\u1edfng th\u1ee9c c\u00e1c m\u00f3n \u0103n ngon v\u00e0 \u0111a d\u1ea1ng, m\u00e0 c\u00f2n l\u00e0 n\u01a1i giao thoa v\u0103n h\u00f3a, \u0111a d\u1ea1ng h\u00f3a c\u00e1c l\u1ef1a ch\u1ecdn \u1ea9m th\u1ef1c.<\/span><\/p>\t\t\t\t\t\t<\/div>\n\t\t\t\t<\/div>\n\t\t\t\t\t<\/div>\n\t\t<\/div>\n\t\t\t\t<div class=\"elementor-column elementor-col-50 elementor-top-column elementor-element elementor-element-6c267c0f\" data-id=\"6c267c0f\" data-element_type=\"column\">\n\t\t\t<div class=\"elementor-widget-wrap elementor-element-populated\">\n\t\t\t\t\t\t<div class=\"elementor-element elementor-element-a9ea7f elementor-widget__width-initial elementor-widget elementor-widget-image\" data-id=\"a9ea7f\" data-element_type=\"widget\" data-widget_type=\"image.default\">\n\t\t\t\t<div class=\"elementor-widget-container\">\n\t\t\t<style>\/*! elementor - v3.21.0 - 22-05-2024 *\/\n.elementor-widget-image{text-align:center}.elementor-widget-image a{display:inline-block}.elementor-widget-image a img[src$=\".svg\"]{width:48px}.elementor-widget-image img{vertical-align:middle;display:inline-block}<\/style>\t\t\t\t\t\t\t\t\t\t<img fetchpriority=\"high\" decoding=\"async\" width=\"683\" height=\"1024\" src=\"https:\/\/viethoalau.com\/wp-content\/uploads\/2024\/05\/5H5A2175-copy-1-683x1024.jpg\" class=\"attachment-large size-large wp-image-131\" alt=\"\" srcset=\"https:\/\/viethoalau.com\/wp-content\/uploads\/2024\/05\/5H5A2175-copy-1-683x1024.jpg 683w, https:\/\/viethoalau.com\/wp-content\/uploads\/2024\/05\/5H5A2175-copy-1-200x300.jpg 200w, https:\/\/viethoalau.com\/wp-content\/uploads\/2024\/05\/5H5A2175-copy-1-768x1152.jpg 768w, https:\/\/viethoalau.com\/wp-content\/uploads\/2024\/05\/5H5A2175-copy-1-1024x1536.jpg 1024w, https:\/\/viethoalau.com\/wp-content\/uploads\/2024\/05\/5H5A2175-copy-1-1365x2048.jpg 1365w, https:\/\/viethoalau.com\/wp-content\/uploads\/2024\/05\/5H5A2175-copy-1-600x900.jpg 600w, https:\/\/viethoalau.com\/wp-content\/uploads\/2024\/05\/5H5A2175-copy-1-scaled.jpg 1707w\" sizes=\"(max-width: 683px) 100vw, 683px\" \/>\t\t\t\t\t\t\t\t\t\t\t\t\t<\/div>\n\t\t\t\t<\/div>\n\t\t\t\t\t<\/div>\n\t\t<\/div>\n\t\t\t\t\t<\/div>\n\t\t<\/section>\n\t\t\t\t<section class=\"elementor-section elementor-top-section elementor-element elementor-element-650b3f92 elementor-section-boxed elementor-section-height-default elementor-section-height-default\" data-id=\"650b3f92\" data-element_type=\"section\" data-settings=\"{&quot;background_background&quot;:&quot;classic&quot;}\">\n\t\t\t\t\t\t<div class=\"elementor-container elementor-column-gap-default\">\n\t\t\t\t\t<div class=\"elementor-column elementor-col-100 elementor-top-column elementor-element elementor-element-1fe5e039\" data-id=\"1fe5e039\" data-element_type=\"column\">\n\t\t\t<div class=\"elementor-widget-wrap\">\n\t\t\t\t\t\t\t<\/div>\n\t\t<\/div>\n\t\t\t\t\t<\/div>\n\t\t<\/section>\n\t\t\t\t<\/div>\n\t\t","protected":false},"excerpt":{"rendered":"<p>VI\u1ec6T HOA L\u1ea6U \u1ea8M TH\u1ef0C TRUNG QU\u1ed0C VI\u1ec6T HOA L\u1ea6U \u1ea8m Th\u1ef1c Trung Hoa Vi\u1ec7t Hoa L\u1ea7u l\u00e0 m\u1ed9t nh\u00e0 h\u00e0ng Trung Hoa n\u1eb1m trong kh\u00e1ch s\u1ea1n 4 sao California Hotel, t\u1ecda l\u1ea1c t\u1ea1i trung t\u00e2m qu\u1eadn 1, S\u00e0i G\u00f2n. V\u1edbi \u0111\u1ed9i ng\u0169 \u0111\u1ea7u b\u1ebfp g\u1ed1c Trung Qu\u1ed1c, ch\u00fang t\u00f4i mong mu\u1ed1n mang \u0111\u1ebfn cho [&hellip;]<\/p>\n","protected":false},"author":1,"featured_media":0,"parent":0,"menu_order":0,"comment_status":"closed","ping_status":"closed","template":"","meta":{"footnotes":""},"class_list":["post-156","page","type-page","status-publish","hentry"],"yoast_head":"<!-- This site is optimized with the Yoast SEO Premium plugin v22.8 (Yoast SEO v22.8) - https:\/\/yoast.com\/wordpress\/plugins\/seo\/ -->\n<title>Gi\u1edbi Thi\u1ec7u - VI\u1ec6T HOA L\u1ea6U<\/title>\n<meta name=\"robots\" content=\"index, follow, max-snippet:-1, max-image-preview:large, max-video-preview:-1\" \/>\n<link rel=\"canonical\" href=\"https:\/\/viethoalau.com\/index.php\/gioi-thieu\/\" \/>\n<meta property=\"og:locale\" content=\"en_US\" \/>\n<meta property=\"og:type\" content=\"article\" \/>\n<meta property=\"og:title\" content=\"Gi\u1edbi Thi\u1ec7u\" \/>\n<meta property=\"og:description\" content=\"VI\u1ec6T HOA L\u1ea6U \u1ea8M TH\u1ef0C TRUNG QU\u1ed0C VI\u1ec6T HOA L\u1ea6U \u1ea8m Th\u1ef1c Trung Hoa Vi\u1ec7t Hoa L\u1ea7u l\u00e0 m\u1ed9t nh\u00e0 h\u00e0ng Trung Hoa n\u1eb1m trong kh\u00e1ch s\u1ea1n 4 sao California Hotel, t\u1ecda l\u1ea1c t\u1ea1i trung t\u00e2m qu\u1eadn 1, S\u00e0i G\u00f2n. V\u1edbi \u0111\u1ed9i ng\u0169 \u0111\u1ea7u b\u1ebfp g\u1ed1c Trung Qu\u1ed1c, ch\u00fang t\u00f4i mong mu\u1ed1n mang \u0111\u1ebfn cho [&hellip;]\" \/>\n<meta property=\"og:url\" content=\"https:\/\/viethoalau.com\/index.php\/gioi-thieu\/\" \/>\n<meta property=\"og:site_name\" content=\"VI\u1ec6T HOA L\u1ea6U\" \/>\n<meta property=\"article:modified_time\" content=\"2024-12-23T05:53:49+00:00\" \/>\n<meta property=\"og:image\" content=\"https:\/\/viethoalau.com\/wp-content\/uploads\/2024\/05\/5H5A2175-copy-1-683x1024.jpg\" \/>\n<meta name=\"twitter:card\" content=\"summary_large_image\" \/>\n<meta name=\"twitter:label1\" content=\"Est. reading time\" \/>\n\t<meta name=\"twitter:data1\" content=\"1 minute\" \/>\n<script type=\"application\/ld+json\" class=\"yoast-schema-graph\">{\"@context\":\"https:\/\/schema.org\",\"@graph\":[{\"@type\":\"WebPage\",\"@id\":\"https:\/\/viethoalau.com\/index.php\/gioi-thieu\/\",\"url\":\"https:\/\/viethoalau.com\/index.php\/gioi-thieu\/\",\"name\":\"Gi\u1edbi Thi\u1ec7u - VI\u1ec6T HOA L\u1ea6U\",\"isPartOf\":{\"@id\":\"https:\/\/viethoalau.com\/#website\"},\"primaryImageOfPage\":{\"@id\":\"https:\/\/viethoalau.com\/index.php\/gioi-thieu\/#primaryimage\"},\"image\":{\"@id\":\"https:\/\/viethoalau.com\/index.php\/gioi-thieu\/#primaryimage\"},\"thumbnailUrl\":\"https:\/\/viethoalau.com\/wp-content\/uploads\/2024\/05\/5H5A2175-copy-1-683x1024.jpg\",\"datePublished\":\"2024-05-29T15:24:33+00:00\",\"dateModified\":\"2024-12-23T05:53:49+00:00\",\"breadcrumb\":{\"@id\":\"https:\/\/viethoalau.com\/index.php\/gioi-thieu\/#breadcrumb\"},\"inLanguage\":\"en-US\",\"potentialAction\":[{\"@type\":\"ReadAction\",\"target\":[\"https:\/\/viethoalau.com\/index.php\/gioi-thieu\/\"]}]},{\"@type\":\"ImageObject\",\"inLanguage\":\"en-US\",\"@id\":\"https:\/\/viethoalau.com\/index.php\/gioi-thieu\/#primaryimage\",\"url\":\"https:\/\/viethoalau.com\/wp-content\/uploads\/2024\/05\/5H5A2175-copy-1-scaled.jpg\",\"contentUrl\":\"https:\/\/viethoalau.com\/wp-content\/uploads\/2024\/05\/5H5A2175-copy-1-scaled.jpg\",\"width\":1707,\"height\":2560},{\"@type\":\"BreadcrumbList\",\"@id\":\"https:\/\/viethoalau.com\/index.php\/gioi-thieu\/#breadcrumb\",\"itemListElement\":[{\"@type\":\"ListItem\",\"position\":1,\"name\":\"Home\",\"item\":\"https:\/\/viethoalau.com\/\"},{\"@type\":\"ListItem\",\"position\":2,\"name\":\"Gi\u1edbi Thi\u1ec7u\"}]},{\"@type\":\"WebSite\",\"@id\":\"https:\/\/viethoalau.com\/#website\",\"url\":\"https:\/\/viethoalau.com\/\",\"name\":\"VI\u1ec6T HOA L\u1ea6U\",\"description\":\"\",\"potentialAction\":[{\"@type\":\"SearchAction\",\"target\":{\"@type\":\"EntryPoint\",\"urlTemplate\":\"https:\/\/viethoalau.com\/?s={search_term_string}\"},\"query-input\":\"required name=search_term_string\"}],\"inLanguage\":\"en-US\"}]}<\/script>\n<!-- \/ Yoast SEO Premium plugin. -->","yoast_head_json":{"title":"Gi\u1edbi Thi\u1ec7u - VI\u1ec6T HOA L\u1ea6U","robots":{"index":"index","follow":"follow","max-snippet":"max-snippet:-1","max-image-preview":"max-image-preview:large","max-video-preview":"max-video-preview:-1"},"canonical":"https:\/\/viethoalau.com\/index.php\/gioi-thieu\/","og_locale":"en_US","og_type":"article","og_title":"Gi\u1edbi Thi\u1ec7u","og_description":"VI\u1ec6T HOA L\u1ea6U \u1ea8M TH\u1ef0C TRUNG QU\u1ed0C VI\u1ec6T HOA L\u1ea6U \u1ea8m Th\u1ef1c Trung Hoa Vi\u1ec7t Hoa L\u1ea7u l\u00e0 m\u1ed9t nh\u00e0 h\u00e0ng Trung Hoa n\u1eb1m trong kh\u00e1ch s\u1ea1n 4 sao California Hotel, t\u1ecda l\u1ea1c t\u1ea1i trung t\u00e2m qu\u1eadn 1, S\u00e0i G\u00f2n. V\u1edbi \u0111\u1ed9i ng\u0169 \u0111\u1ea7u b\u1ebfp g\u1ed1c Trung Qu\u1ed1c, ch\u00fang t\u00f4i mong mu\u1ed1n mang \u0111\u1ebfn cho [&hellip;]","og_url":"https:\/\/viethoalau.com\/index.php\/gioi-thieu\/","og_site_name":"VI\u1ec6T HOA L\u1ea6U","article_modified_time":"2024-12-23T05:53:49+00:00","og_image":[{"url":"https:\/\/viethoalau.com\/wp-content\/uploads\/2024\/05\/5H5A2175-copy-1-683x1024.jpg"}],"twitter_card":"summary_large_image","twitter_misc":{"Est. reading time":"1 minute"},"schema":{"@context":"https:\/\/schema.org","@graph":[{"@type":"WebPage","@id":"https:\/\/viethoalau.com\/index.php\/gioi-thieu\/","url":"https:\/\/viethoalau.com\/index.php\/gioi-thieu\/","name":"Gi\u1edbi Thi\u1ec7u - VI\u1ec6T HOA L\u1ea6U","isPartOf":{"@id":"https:\/\/viethoalau.com\/#website"},"primaryImageOfPage":{"@id":"https:\/\/viethoalau.com\/index.php\/gioi-thieu\/#primaryimage"},"image":{"@id":"https:\/\/viethoalau.com\/index.php\/gioi-thieu\/#primaryimage"},"thumbnailUrl":"https:\/\/viethoalau.com\/wp-content\/uploads\/2024\/05\/5H5A2175-copy-1-683x1024.jpg","datePublished":"2024-05-29T15:24:33+00:00","dateModified":"2024-12-23T05:53:49+00:00","breadcrumb":{"@id":"https:\/\/viethoalau.com\/index.php\/gioi-thieu\/#breadcrumb"},"inLanguage":"en-US","potentialAction":[{"@type":"ReadAction","target":["https:\/\/viethoalau.com\/index.php\/gioi-thieu\/"]}]},{"@type":"ImageObject","inLanguage":"en-US","@id":"https:\/\/viethoalau.com\/index.php\/gioi-thieu\/#primaryimage","url":"https:\/\/viethoalau.com\/wp-content\/uploads\/2024\/05\/5H5A2175-copy-1-scaled.jpg","contentUrl":"https:\/\/viethoalau.com\/wp-content\/uploads\/2024\/05\/5H5A2175-copy-1-scaled.jpg","width":1707,"height":2560},{"@type":"BreadcrumbList","@id":"https:\/\/viethoalau.com\/index.php\/gioi-thieu\/#breadcrumb","itemListElement":[{"@type":"ListItem","position":1,"name":"Home","item":"https:\/\/viethoalau.com\/"},{"@type":"ListItem","position":2,"name":"Gi\u1edbi Thi\u1ec7u"}]},{"@type":"WebSite","@id":"https:\/\/viethoalau.com\/#website","url":"https:\/\/viethoalau.com\/","name":"VI\u1ec6T HOA L\u1ea6U","description":"","potentialAction":[{"@type":"SearchAction","target":{"@type":"EntryPoint","urlTemplate":"https:\/\/viethoalau.com\/?s={search_term_string}"},"query-input":"required name=search_term_string"}],"inLanguage":"en-US"}]}},"_links":{"self":[{"href":"https:\/\/viethoalau.com\/index.php\/wp-json\/wp\/v2\/pages\/156","targetHints":{"allow":["GET"]}}],"collection":[{"href":"https:\/\/viethoalau.com\/index.php\/wp-json\/wp\/v2\/pages"}],"about":[{"href":"https:\/\/viethoalau.com\/index.php\/wp-json\/wp\/v2\/types\/page"}],"author":[{"embeddable":true,"href":"https:\/\/viethoalau.com\/index.php\/wp-json\/wp\/v2\/users\/1"}],"replies":[{"embeddable":true,"href":"https:\/\/viethoalau.com\/index.php\/wp-json\/wp\/v2\/comments?post=156"}],"version-history":[{"count":25,"href":"https:\/\/viethoalau.com\/index.php\/wp-json\/wp\/v2\/pages\/156\/revisions"}],"predecessor-version":[{"id":906,"href":"https:\/\/viethoalau.com\/index.php\/wp-json\/wp\/v2\/pages\/156\/revisions\/906"}],"wp:attachment":[{"href":"https:\/\/viethoalau.com\/index.php\/wp-json\/wp\/v2\/media?parent=156"}],"curies":[{"name":"wp","href":"https:\/\/api.w.org\/{rel}","templated":true}]}}