{"id":160,"date":"2024-05-29T15:25:07","date_gmt":"2024-05-29T15:25:07","guid":{"rendered":"https:\/\/viethoalau.com\/?page_id=160"},"modified":"2024-06-05T03:27:30","modified_gmt":"2024-06-05T03:27:30","slug":"lien-he","status":"publish","type":"page","link":"https:\/\/viethoalau.com\/index.php\/lien-he\/","title":{"rendered":"Li\u00ean H\u1ec7"},"content":{"rendered":"\t\t<div data-elementor-type=\"wp-page\" data-elementor-id=\"160\" class=\"elementor elementor-160\" data-elementor-post-type=\"page\">\n\t\t\t\t\t\t<section class=\"elementor-section elementor-top-section elementor-element elementor-element-442bde19 elementor-section-boxed elementor-section-height-default elementor-section-height-default\" data-id=\"442bde19\" data-element_type=\"section\" data-settings=\"{&quot;background_background&quot;:&quot;classic&quot;,&quot;shape_divider_bottom&quot;:&quot;zigzag&quot;}\">\n\t\t\t\t\t\t\t<div class=\"elementor-background-overlay\"><\/div>\n\t\t\t\t\t\t<div class=\"elementor-shape elementor-shape-bottom\" data-negative=\"false\">\n\t\t\t<svg xmlns=\"http:\/\/www.w3.org\/2000\/svg\" viewBox=\"0 0 1800 5.8\" preserveAspectRatio=\"none\">\n  <path class=\"elementor-shape-fill\" d=\"M5.4.4l5.4 5.3L16.5.4l5.4 5.3L27.5.4 33 5.7 38.6.4l5.5 5.4h.1L49.9.4l5.4 5.3L60.9.4l5.5 5.3L72 .4l5.5 5.3L83.1.4l5.4 5.3L94.1.4l5.5 5.4h.2l5.6-5.4 5.5 5.3 5.6-5.3 5.4 5.3 5.6-5.3 5.5 5.3 5.6-5.3 5.5 5.4h.2l5.6-5.4 5.4 5.3L161 .4l5.4 5.3L172 .4l5.5 5.3 5.6-5.3 5.4 5.3 5.7-5.3 5.4 5.4h.2l5.6-5.4 5.5 5.3 5.6-5.3 5.5 5.3 5.6-5.3 5.4 5.3 5.6-5.3 5.5 5.4h.2l5.6-5.4 5.5 5.3L261 .4l5.4 5.3L272 .4l5.5 5.3 5.6-5.3 5.5 5.3 5.6-5.3 5.5 5.4h.1l5.7-5.4 5.4 5.3 5.6-5.3 5.5 5.3 5.6-5.3 5.4 5.3 5.7-5.3 5.4 5.4h.2l5.6-5.4 5.5 5.3L361 .4l5.5 5.3 5.6-5.3 5.4 5.3 5.6-5.3 5.5 5.3 5.6-5.3 5.5 5.4h.1l5.7-5.4 5.4 5.3 5.6-5.3 5.5 5.3 5.6-5.3 5.5 5.3 5.6-5.3 5.5 5.4h.1l5.6-5.4 5.5 5.3L461 .4l5.5 5.3 5.6-5.3 5.4 5.3 5.7-5.3 5.4 5.3 5.6-5.3 5.5 5.4h.2l5.6-5.4 5.5 5.3 5.6-5.3 5.4 5.3 5.6-5.3 5.5 5.3 5.6-5.3 5.5 5.4h.1L550 .4l5.4 5.3L561 .4l5.5 5.3 5.6-5.3 5.5 5.3 5.6-5.3 5.4 5.3 5.6-5.3 5.5 5.4h.2l5.6-5.4 5.5 5.3 5.6-5.3 5.4 5.3 5.7-5.3 5.4 5.3 5.6-5.3 5.5 5.4h.2L650 .4l5.5 5.3 5.6-5.3 5.4 5.3 5.6-5.3 5.5 5.3 5.6-5.3 5.5 5.3 5.6-5.3 5.4 5.4h.2l5.6-5.4 5.5 5.3 5.6-5.3 5.5 5.3 5.6-5.3 5.4 5.3 5.6-5.3 5.5 5.4h.2L750 .4l5.5 5.3 5.6-5.3 5.4 5.3 5.7-5.3 5.4 5.3 5.6-5.3 5.5 5.3 5.6-5.3 5.5 5.4h.1l5.7-5.4 5.4 5.3 5.6-5.3 5.5 5.3 5.6-5.3 5.5 5.3 5.6-5.3 5.4 5.4h.2L850 .4l5.5 5.3 5.6-5.3 5.5 5.3 5.6-5.3 5.4 5.3 5.6-5.3 5.5 5.3 5.6-5.3 5.5 5.4h.2l5.6-5.4 5.4 5.3 5.7-5.3 5.4 5.3 5.6-5.3 5.5 5.3 5.6-5.3 5.5 5.4h.1l5.7-5.4 5.4 5.3 5.6-5.3 5.5 5.3 5.6-5.3 5.5 5.3 5.6-5.3 5.4 5.3 5.6-5.3 5.5 5.4h.2l5.6-5.4 5.5 5.3 5.6-5.3 5.4 5.3 5.6-5.3 5.5 5.3 5.6-5.3 5.5 5.4h.2l5.6-5.4 5.4 5.3 5.7-5.3 5.4 5.3 5.6-5.3 5.5 5.3 5.6-5.3 5.5 5.3 5.6-5.3 5.4 5.4h.2l5.6-5.4 5.5 5.3 5.6-5.3 5.5 5.3 5.6-5.3 5.4 5.3 5.6-5.3 5.5 5.4h.2l5.6-5.4 5.5 5.3 5.6-5.3 5.4 5.3 5.6-5.3 5.5 5.3 5.6-5.3 5.5 5.3 5.6-5.3 5.5 5.4h.1l5.7-5.4 5.4 5.3 5.6-5.3 5.5 5.3 5.6-5.3 5.5 5.3 5.6-5.3 5.4 5.4h.2l5.6-5.4 5.5 5.3 5.6-5.3 5.5 5.3 5.6-5.3 5.4 5.3 5.6-5.3 5.5 5.3 5.6-5.3 5.5 5.4h.2l5.6-5.4 5.4 5.3 5.6-5.3 5.5 5.3 5.6-5.3 5.5 5.3 5.6-5.3 5.5 5.4h.1l5.7-5.4 5.4 5.3 5.6-5.3 5.5 5.3 5.6-5.3 5.5 5.3 5.6-5.3 5.4 5.3 5.6-5.3 5.5 5.4h.2l5.6-5.4 5.5 5.3 5.6-5.3 5.4 5.3 5.6-5.3 5.5 5.3 5.6-5.3 5.5 5.4h.2l5.6-5.4 5.4 5.3 5.6-5.3 5.5 5.3 5.6-5.3 5.5 5.3 5.6-5.3 5.4 5.3 5.7-5.3 5.4 5.4h.2l5.6-5.4 5.5 5.3 5.6-5.3 5.5 5.3 5.6-5.3 5.4 5.3 5.6-5.3 5.5 5.4h.2l5.6-5.4 5.5 5.3 5.6-5.3 5.4 5.3 5.6-5.3 5.5 5.3 5.6-5.3 5.5 5.3 5.6-5.3 5.5 5.4h.1l5.6-5.4 5.5 5.3 5.6-5.3 5.5 5.3 5.6-5.3 5.4 5.3 5.7-5.3 5.4 5.4h.2l5.6-5.4 5.5 5.3 5.6-5.3 5.5 5.3 5.6-5.3 5.4 5.3 5.6-5.3 5.5 5.3 5.6-5.3 5.5 5.4h.1l5.7-5.4 5.4 5.3 5.6-5.3 5.5 5.3 5.6-5.3 5.5 5.3 5.6-5.3 5.5 5.4h.1l5.6-5.4 5.5 5.3 5.6-5.3 5.5 5.3 5.6-5.3 5.4 5.3 5.7-5.3 5.4 5.3 5.6-5.3 5.5 5.4V0H-.2v5.8z\"\/>\n<\/svg>\n\t\t<\/div>\n\t\t\t\t\t<div class=\"elementor-container elementor-column-gap-default\">\n\t\t\t\t\t<div class=\"elementor-column elementor-col-100 elementor-top-column elementor-element elementor-element-4f67bed0\" data-id=\"4f67bed0\" data-element_type=\"column\">\n\t\t\t<div class=\"elementor-widget-wrap elementor-element-populated\">\n\t\t\t\t\t\t<div class=\"elementor-element elementor-element-4f9a5680 elementor-widget elementor-widget-heading\" data-id=\"4f9a5680\" data-element_type=\"widget\" data-widget_type=\"heading.default\">\n\t\t\t\t<div class=\"elementor-widget-container\">\n\t\t\t<style>\/*! elementor - v3.21.0 - 22-05-2024 *\/\n.elementor-heading-title{padding:0;margin:0;line-height:1}.elementor-widget-heading .elementor-heading-title[class*=elementor-size-]>a{color:inherit;font-size:inherit;line-height:inherit}.elementor-widget-heading .elementor-heading-title.elementor-size-small{font-size:15px}.elementor-widget-heading .elementor-heading-title.elementor-size-medium{font-size:19px}.elementor-widget-heading .elementor-heading-title.elementor-size-large{font-size:29px}.elementor-widget-heading .elementor-heading-title.elementor-size-xl{font-size:39px}.elementor-widget-heading .elementor-heading-title.elementor-size-xxl{font-size:59px}<\/style><h2 class=\"elementor-heading-title elementor-size-default\">Li\u00ean H\u1ec7<\/h2>\t\t<\/div>\n\t\t\t\t<\/div>\n\t\t\t\t<div class=\"elementor-element elementor-element-65d75f21 elementor-widget elementor-widget-ucaddon_separator_divider\" data-id=\"65d75f21\" data-element_type=\"widget\" data-widget_type=\"ucaddon_separator_divider.default\">\n\t\t\t\t<div class=\"elementor-widget-container\">\n\t\t\t\n<!-- start Unlimited Separator Divider -->\n<style>\/* widget: Unlimited Separator Divider *\/\n\n#uc_separator_divider_elementor_65d75f21 svg\n{\n  width:100%;\n}\n\n<\/style>\n\n<div id=\"uc_separator_divider_elementor_65d75f21\" class=\"separator_divider\">   \n  \n\t\n  \n  \n  \n   \n  \n  \n  <svg version=\"1.1\" xmlns=\"http:\/\/www.w3.org\/2000\/svg\" xmlns:xlink=\"http:\/\/www.w3.org\/1999\/xlink\" x=\"0px\" y=\"0px\"\n\t viewBox=\"0 0 86.1 17.1\" style=\"enable-background:new 0 0 86.1 17.1;\" xml:space=\"preserve\" >\n\n<g>\n\t<path class=\"st0\" d=\"M68.5,9.2c-4.7-3.5-14-1.1-21.4,2.1c-7.5,3.3-14.4,5.6-14.4,5.6c4.2,1.4,13.8-4.1,23.8-7\n\t\tC65.1,7.4,68.1,9,68.5,9.2z\"\/>\n\t<path class=\"st0\" d=\"M18,7.5c1.2,1.2,5.2,2.5,13.3-0.2c6.3-2.1,15.4-5.8,15.4-5.8c-6.8-0.7-8.6,2.3-17.5,5.1\n\t\tC21.1,9.2,18,7.5,18,7.5z\"\/>\n\t<path class=\"st0\" d=\"M13.6,17c9.2,0.7,17-2.7,24.6-5.9l3.3-1.4C49.2,6.4,60,1.8,69.9,2.1C78.9,2.4,84,4.8,84,8.6\n\t\tc0,3.3-3.2,5.3-9.5,5.8c-6.3,0.5-11.8-3.3-11.9-3.3c-0.5-0.3-1.1-0.2-1.5,0.3c-0.3,0.5-0.2,1.1,0.3,1.5c0.2,0.2,6.2,4.2,13.3,3.7\n\t\tc9.5-0.7,11.5-4.7,11.5-7.9c0-3-2.1-8.1-16.2-8.6C59.6-0.3,49.1,3.7,41.1,7.1l-3.3,1.4c-7.3,3.1-15.4,7-24.1,6.4\n\t\tc-10.3-0.7-11.6-4-11.6-6.8C2.1,7.3,2.4,6.6,3,6c1.7-1.6,5.5-2.6,10-2.4c5.5,0.2,9.5,1.7,9.6,1.8c0.5,0.3,1.1,0,1.4-0.5\n\t\tc0.3-0.5,0-1.1-0.5-1.4c-0.2-0.1-4.5-1.8-10.4-2c-5.1-0.2-9.4,1-11.6,3C0.5,5.5,0,6.7,0,8.1C0,13.5,4.3,16.3,13.6,17z\"\/>\n<\/g>\n<\/svg>\n  \n\n    \n    \n  \n    \n  \n  \n  \n    \n    \n    \n    \n  \n<\/div>\n<!-- end Unlimited Separator Divider -->\t\t<\/div>\n\t\t\t\t<\/div>\n\t\t\t\t\t<\/div>\n\t\t<\/div>\n\t\t\t\t\t<\/div>\n\t\t<\/section>\n\t\t<div class=\"elementor-element elementor-element-100a2926 e-flex e-con-boxed e-con e-parent\" data-id=\"100a2926\" data-element_type=\"container\">\n\t\t\t\t\t<div class=\"e-con-inner\">\n\t\t<div class=\"elementor-element elementor-element-4f9d7fcb e-con-full e-flex e-con e-child\" data-id=\"4f9d7fcb\" data-element_type=\"container\" data-settings=\"{&quot;background_background&quot;:&quot;classic&quot;}\">\n\t\t<div class=\"elementor-element elementor-element-26a707c5 e-flex e-con-boxed e-con e-child\" data-id=\"26a707c5\" data-element_type=\"container\">\n\t\t\t\t\t<div class=\"e-con-inner\">\n\t\t\t\t<div class=\"elementor-element elementor-element-57aadfe2 elementor-widget elementor-widget-text-editor\" data-id=\"57aadfe2\" data-element_type=\"widget\" data-widget_type=\"text-editor.default\">\n\t\t\t\t<div class=\"elementor-widget-container\">\n\t\t\t<style>\/*! elementor - v3.21.0 - 22-05-2024 *\/\n.elementor-widget-text-editor.elementor-drop-cap-view-stacked .elementor-drop-cap{background-color:#69727d;color:#fff}.elementor-widget-text-editor.elementor-drop-cap-view-framed .elementor-drop-cap{color:#69727d;border:3px solid;background-color:transparent}.elementor-widget-text-editor:not(.elementor-drop-cap-view-default) .elementor-drop-cap{margin-top:8px}.elementor-widget-text-editor:not(.elementor-drop-cap-view-default) .elementor-drop-cap-letter{width:1em;height:1em}.elementor-widget-text-editor .elementor-drop-cap{float:left;text-align:center;line-height:1;font-size:50px}.elementor-widget-text-editor .elementor-drop-cap-letter{display:inline-block}<\/style>\t\t\t\t<p>R\u1ea5t H\u00e2n H\u1ea1nh \u0110\u01b0\u1ee3c Ph\u1ee5c V\u1ee5 Qu\u00fd Kh\u00e1ch<\/p>\t\t\t\t\t\t<\/div>\n\t\t\t\t<\/div>\n\t\t\t\t\t<\/div>\n\t\t\t\t<\/div>\n\t\t<div class=\"elementor-element elementor-element-13cf2c63 e-flex e-con-boxed e-con e-child\" data-id=\"13cf2c63\" data-element_type=\"container\">\n\t\t\t\t\t<div class=\"e-con-inner\">\n\t\t<div class=\"elementor-element elementor-element-2b565123 e-flex e-con-boxed e-con e-child\" data-id=\"2b565123\" data-element_type=\"container\">\n\t\t\t\t\t<div class=\"e-con-inner\">\n\t\t\t\t<div class=\"elementor-element elementor-element-5d3b7dbd elementor-widget elementor-widget-heading\" data-id=\"5d3b7dbd\" data-element_type=\"widget\" data-widget_type=\"heading.default\">\n\t\t\t\t<div class=\"elementor-widget-container\">\n\t\t\t<h4 class=\"elementor-heading-title elementor-size-default\">Th\u00f4ng tin <\/h4>\t\t<\/div>\n\t\t\t\t<\/div>\n\t\t\t\t<div class=\"elementor-element elementor-element-c8e7e5e elementor-align-left elementor-icon-list--layout-traditional elementor-list-item-link-full_width elementor-widget elementor-widget-icon-list\" data-id=\"c8e7e5e\" data-element_type=\"widget\" data-widget_type=\"icon-list.default\">\n\t\t\t\t<div class=\"elementor-widget-container\">\n\t\t\t<link rel=\"stylesheet\" href=\"https:\/\/viethoalau.com\/wp-content\/plugins\/elementor\/assets\/css\/widget-icon-list.min.css\">\t\t<ul class=\"elementor-icon-list-items\">\n\t\t\t\t\t\t\t<li class=\"elementor-icon-list-item\">\n\t\t\t\t\t\t\t\t\t\t<span class=\"elementor-icon-list-text\"> +84 28 3823 7634<\/span>\n\t\t\t\t\t\t\t\t\t<\/li>\n\t\t\t\t\t\t\t\t<li class=\"elementor-icon-list-item\">\n\t\t\t\t\t\t\t\t\t\t<span class=\"elementor-icon-list-text\">info@viethoalau.com<\/span>\n\t\t\t\t\t\t\t\t\t<\/li>\n\t\t\t\t\t\t<\/ul>\n\t\t\t\t<\/div>\n\t\t\t\t<\/div>\n\t\t\t\t\t<\/div>\n\t\t\t\t<\/div>\n\t\t<div class=\"elementor-element elementor-element-75e24907 e-flex e-con-boxed e-con e-child\" data-id=\"75e24907\" data-element_type=\"container\">\n\t\t\t\t\t<div class=\"e-con-inner\">\n\t\t\t\t<div class=\"elementor-element elementor-element-4b5f25b0 elementor-widget elementor-widget-heading\" data-id=\"4b5f25b0\" data-element_type=\"widget\" data-widget_type=\"heading.default\">\n\t\t\t\t<div class=\"elementor-widget-container\">\n\t\t\t<h4 class=\"elementor-heading-title elementor-size-default\">Hours<\/h4>\t\t<\/div>\n\t\t\t\t<\/div>\n\t\t\t\t<div class=\"elementor-element elementor-element-30a02466 elementor-align-left elementor-icon-list--layout-traditional elementor-list-item-link-full_width elementor-widget elementor-widget-icon-list\" data-id=\"30a02466\" data-element_type=\"widget\" data-widget_type=\"icon-list.default\">\n\t\t\t\t<div class=\"elementor-widget-container\">\n\t\t\t\t\t<ul class=\"elementor-icon-list-items\">\n\t\t\t\t\t\t\t<li class=\"elementor-icon-list-item\">\n\t\t\t\t\t\t\t\t\t\t<span class=\"elementor-icon-list-text\">Mon-Fri 10:00AM - 10:00PM<\/span>\n\t\t\t\t\t\t\t\t\t<\/li>\n\t\t\t\t\t\t\t\t<li class=\"elementor-icon-list-item\">\n\t\t\t\t\t\t\t\t\t\t<span class=\"elementor-icon-list-text\">Sat-Sun 10:00AM - 10:00PM<\/span>\n\t\t\t\t\t\t\t\t\t<\/li>\n\t\t\t\t\t\t<\/ul>\n\t\t\t\t<\/div>\n\t\t\t\t<\/div>\n\t\t\t\t\t<\/div>\n\t\t\t\t<\/div>\n\t\t\t\t\t<\/div>\n\t\t\t\t<\/div>\n\t\t\t\t<\/div>\n\t\t<div class=\"elementor-element elementor-element-1d71197f e-con-full e-flex e-con e-child\" data-id=\"1d71197f\" data-element_type=\"container\" data-settings=\"{&quot;background_background&quot;:&quot;classic&quot;}\">\n\t\t\t\t<div class=\"elementor-element elementor-element-0263169 elementor-widget elementor-widget-image\" data-id=\"0263169\" data-element_type=\"widget\" data-widget_type=\"image.default\">\n\t\t\t\t<div class=\"elementor-widget-container\">\n\t\t\t<style>\/*! elementor - v3.21.0 - 22-05-2024 *\/\n.elementor-widget-image{text-align:center}.elementor-widget-image a{display:inline-block}.elementor-widget-image a img[src$=\".svg\"]{width:48px}.elementor-widget-image img{vertical-align:middle;display:inline-block}<\/style>\t\t\t\t\t\t\t\t\t\t<img fetchpriority=\"high\" decoding=\"async\" width=\"800\" height=\"534\" src=\"https:\/\/viethoalau.com\/wp-content\/uploads\/2024\/06\/24-copy-1024x683.jpg\" class=\"attachment-large size-large wp-image-464\" alt=\"\" srcset=\"https:\/\/viethoalau.com\/wp-content\/uploads\/2024\/06\/24-copy-1024x683.jpg 1024w, https:\/\/viethoalau.com\/wp-content\/uploads\/2024\/06\/24-copy-300x200.jpg 300w, https:\/\/viethoalau.com\/wp-content\/uploads\/2024\/06\/24-copy-768x512.jpg 768w, https:\/\/viethoalau.com\/wp-content\/uploads\/2024\/06\/24-copy-1536x1024.jpg 1536w, https:\/\/viethoalau.com\/wp-content\/uploads\/2024\/06\/24-copy-2048x1365.jpg 2048w, https:\/\/viethoalau.com\/wp-content\/uploads\/2024\/06\/24-copy-600x400.jpg 600w\" sizes=\"(max-width: 800px) 100vw, 800px\" \/>\t\t\t\t\t\t\t\t\t\t\t\t\t<\/div>\n\t\t\t\t<\/div>\n\t\t\t\t<\/div>\n\t\t\t\t\t<\/div>\n\t\t\t\t<\/div>\n\t\t<div class=\"elementor-element elementor-element-794cf8f7 e-flex e-con-boxed e-con e-parent\" data-id=\"794cf8f7\" data-element_type=\"container\">\n\t\t\t\t\t<div class=\"e-con-inner\">\n\t\t<div class=\"elementor-element elementor-element-408bdd93 e-con-full e-flex e-con e-child\" data-id=\"408bdd93\" data-element_type=\"container\" data-settings=\"{&quot;background_background&quot;:&quot;classic&quot;}\">\n\t\t\t\t<div class=\"elementor-element elementor-element-33554448 elementor-widget elementor-widget-google_maps\" data-id=\"33554448\" data-element_type=\"widget\" data-widget_type=\"google_maps.default\">\n\t\t\t\t<div class=\"elementor-widget-container\">\n\t\t\t<style>\/*! elementor - v3.21.0 - 22-05-2024 *\/\n.elementor-widget-google_maps .elementor-widget-container{overflow:hidden}.elementor-widget-google_maps .elementor-custom-embed{line-height:0}.elementor-widget-google_maps iframe{height:300px}<\/style>\t\t<div class=\"elementor-custom-embed\">\n\t\t\t<iframe loading=\"lazy\"\n\t\t\t\t\tsrc=\"https:\/\/maps.google.com\/maps?q=52-54%20th%E1%BB%A7%20khoa%20hu%C3%A2n&#038;t=m&#038;z=20&#038;output=embed&#038;iwloc=near\"\n\t\t\t\t\ttitle=\"52-54 th\u1ee7 khoa hu\u00e2n\"\n\t\t\t\t\taria-label=\"52-54 th\u1ee7 khoa hu\u00e2n\"\n\t\t\t><\/iframe>\n\t\t<\/div>\n\t\t\t\t<\/div>\n\t\t\t\t<\/div>\n\t\t\t\t<\/div>\n\t\t<div class=\"elementor-element elementor-element-3902686a e-con-full e-flex e-con e-child\" data-id=\"3902686a\" data-element_type=\"container\">\n\t\t\t\t<div class=\"elementor-element elementor-element-7401141 elementor-widget elementor-widget-heading\" data-id=\"7401141\" data-element_type=\"widget\" data-widget_type=\"heading.default\">\n\t\t\t\t<div class=\"elementor-widget-container\">\n\t\t\t<h2 class=\"elementor-heading-title elementor-size-default\">Visit Us<\/h2>\t\t<\/div>\n\t\t\t\t<\/div>\n\t\t\t\t<div class=\"elementor-element elementor-element-1208bb47 elementor-widget elementor-widget-icon-box\" data-id=\"1208bb47\" data-element_type=\"widget\" data-widget_type=\"icon-box.default\">\n\t\t\t\t<div class=\"elementor-widget-container\">\n\t\t\t<link rel=\"stylesheet\" href=\"https:\/\/viethoalau.com\/wp-content\/plugins\/elementor\/assets\/css\/widget-icon-box.min.css\">\t\t<div class=\"elementor-icon-box-wrapper\">\n\n\t\t\t\n\t\t\t\t\t\t<div class=\"elementor-icon-box-content\">\n\n\t\t\t\t\t\t\t\t\t<h4 class=\"elementor-icon-box-title\">\n\t\t\t\t\t\t<span  >\n\t\t\t\t\t\t\tAddress:\t\t\t\t\t\t<\/span>\n\t\t\t\t\t<\/h4>\n\t\t\t\t\n\t\t\t\t\t\t\t\t\t<p class=\"elementor-icon-box-description\">\n\t\t\t\t\t\t52-54 Th\u1ee7 Khoa Hu\u00e2n, Ph\u01b0\u1eddng B\u1ebfn Th\u00e0nh\nQu\u1eadn 1\t\t\t\t\t<\/p>\n\t\t\t\t\n\t\t\t<\/div>\n\t\t\t\n\t\t<\/div>\n\t\t\t\t<\/div>\n\t\t\t\t<\/div>\n\t\t\t\t<\/div>\n\t\t\t\t\t<\/div>\n\t\t\t\t<\/div>\n\t\t\t\t<\/div>\n\t\t","protected":false},"excerpt":{"rendered":"<p>Li\u00ean H\u1ec7 R\u1ea5t H\u00e2n H\u1ea1nh \u0110\u01b0\u1ee3c Ph\u1ee5c V\u1ee5 Qu\u00fd Kh\u00e1ch Th\u00f4ng tin +84 28 3823 7634 info@viethoalau.com Hours Mon-Fri 10:00AM &#8211; 10:00PM Sat-Sun 10:00AM &#8211; 10:00PM Visit Us Address: 52-54 Th\u1ee7 Khoa Hu\u00e2n, Ph\u01b0\u1eddng B\u1ebfn Th\u00e0nh Qu\u1eadn 1<\/p>\n","protected":false},"author":1,"featured_media":0,"parent":0,"menu_order":0,"comment_status":"closed","ping_status":"closed","template":"elementor_header_footer","meta":{"footnotes":""},"class_list":["post-160","page","type-page","status-publish","hentry"],"yoast_head":"<!-- This site is optimized with the Yoast SEO Premium plugin v22.8 (Yoast SEO v22.8) - https:\/\/yoast.com\/wordpress\/plugins\/seo\/ -->\n<title>Li\u00ean H\u1ec7 - VI\u1ec6T HOA L\u1ea6U<\/title>\n<meta name=\"robots\" content=\"index, follow, max-snippet:-1, max-image-preview:large, max-video-preview:-1\" \/>\n<link rel=\"canonical\" href=\"https:\/\/viethoalau.com\/index.php\/lien-he\/\" \/>\n<meta property=\"og:locale\" content=\"en_US\" \/>\n<meta property=\"og:type\" content=\"article\" \/>\n<meta property=\"og:title\" content=\"Li\u00ean H\u1ec7\" \/>\n<meta property=\"og:description\" content=\"Li\u00ean H\u1ec7 R\u1ea5t H\u00e2n H\u1ea1nh \u0110\u01b0\u1ee3c Ph\u1ee5c V\u1ee5 Qu\u00fd Kh\u00e1ch Th\u00f4ng tin +84 28 3823 7634 info@viethoalau.com Hours Mon-Fri 10:00AM &#8211; 10:00PM Sat-Sun 10:00AM &#8211; 10:00PM Visit Us Address: 52-54 Th\u1ee7 Khoa Hu\u00e2n, Ph\u01b0\u1eddng B\u1ebfn Th\u00e0nh Qu\u1eadn 1\" \/>\n<meta property=\"og:url\" content=\"https:\/\/viethoalau.com\/index.php\/lien-he\/\" \/>\n<meta property=\"og:site_name\" content=\"VI\u1ec6T HOA L\u1ea6U\" \/>\n<meta property=\"article:modified_time\" content=\"2024-06-05T03:27:30+00:00\" \/>\n<meta property=\"og:image\" content=\"https:\/\/viethoalau.com\/wp-content\/uploads\/2024\/06\/24-copy-1024x683.jpg\" \/>\n<meta name=\"twitter:card\" content=\"summary_large_image\" \/>\n<meta name=\"twitter:label1\" content=\"Est. reading time\" \/>\n\t<meta name=\"twitter:data1\" content=\"1 minute\" \/>\n<script type=\"application\/ld+json\" class=\"yoast-schema-graph\">{\"@context\":\"https:\/\/schema.org\",\"@graph\":[{\"@type\":\"WebPage\",\"@id\":\"https:\/\/viethoalau.com\/index.php\/lien-he\/\",\"url\":\"https:\/\/viethoalau.com\/index.php\/lien-he\/\",\"name\":\"Li\u00ean H\u1ec7 - VI\u1ec6T HOA L\u1ea6U\",\"isPartOf\":{\"@id\":\"https:\/\/viethoalau.com\/#website\"},\"primaryImageOfPage\":{\"@id\":\"https:\/\/viethoalau.com\/index.php\/lien-he\/#primaryimage\"},\"image\":{\"@id\":\"https:\/\/viethoalau.com\/index.php\/lien-he\/#primaryimage\"},\"thumbnailUrl\":\"https:\/\/viethoalau.com\/wp-content\/uploads\/2024\/06\/24-copy-1024x683.jpg\",\"datePublished\":\"2024-05-29T15:25:07+00:00\",\"dateModified\":\"2024-06-05T03:27:30+00:00\",\"breadcrumb\":{\"@id\":\"https:\/\/viethoalau.com\/index.php\/lien-he\/#breadcrumb\"},\"inLanguage\":\"en-US\",\"potentialAction\":[{\"@type\":\"ReadAction\",\"target\":[\"https:\/\/viethoalau.com\/index.php\/lien-he\/\"]}]},{\"@type\":\"ImageObject\",\"inLanguage\":\"en-US\",\"@id\":\"https:\/\/viethoalau.com\/index.php\/lien-he\/#primaryimage\",\"url\":\"https:\/\/viethoalau.com\/wp-content\/uploads\/2024\/06\/24-copy-scaled.jpg\",\"contentUrl\":\"https:\/\/viethoalau.com\/wp-content\/uploads\/2024\/06\/24-copy-scaled.jpg\",\"width\":2560,\"height\":1706,\"caption\":\"c\u01a1m Method=A (R=8,S=4)\"},{\"@type\":\"BreadcrumbList\",\"@id\":\"https:\/\/viethoalau.com\/index.php\/lien-he\/#breadcrumb\",\"itemListElement\":[{\"@type\":\"ListItem\",\"position\":1,\"name\":\"Home\",\"item\":\"https:\/\/viethoalau.com\/\"},{\"@type\":\"ListItem\",\"position\":2,\"name\":\"Li\u00ean H\u1ec7\"}]},{\"@type\":\"WebSite\",\"@id\":\"https:\/\/viethoalau.com\/#website\",\"url\":\"https:\/\/viethoalau.com\/\",\"name\":\"VI\u1ec6T HOA L\u1ea6U\",\"description\":\"\",\"potentialAction\":[{\"@type\":\"SearchAction\",\"target\":{\"@type\":\"EntryPoint\",\"urlTemplate\":\"https:\/\/viethoalau.com\/?s={search_term_string}\"},\"query-input\":\"required name=search_term_string\"}],\"inLanguage\":\"en-US\"}]}<\/script>\n<!-- \/ Yoast SEO Premium plugin. -->","yoast_head_json":{"title":"Li\u00ean H\u1ec7 - VI\u1ec6T HOA L\u1ea6U","robots":{"index":"index","follow":"follow","max-snippet":"max-snippet:-1","max-image-preview":"max-image-preview:large","max-video-preview":"max-video-preview:-1"},"canonical":"https:\/\/viethoalau.com\/index.php\/lien-he\/","og_locale":"en_US","og_type":"article","og_title":"Li\u00ean H\u1ec7","og_description":"Li\u00ean H\u1ec7 R\u1ea5t H\u00e2n H\u1ea1nh \u0110\u01b0\u1ee3c Ph\u1ee5c V\u1ee5 Qu\u00fd Kh\u00e1ch Th\u00f4ng tin +84 28 3823 7634 info@viethoalau.com Hours Mon-Fri 10:00AM &#8211; 10:00PM Sat-Sun 10:00AM &#8211; 10:00PM Visit Us Address: 52-54 Th\u1ee7 Khoa Hu\u00e2n, Ph\u01b0\u1eddng B\u1ebfn Th\u00e0nh Qu\u1eadn 1","og_url":"https:\/\/viethoalau.com\/index.php\/lien-he\/","og_site_name":"VI\u1ec6T HOA L\u1ea6U","article_modified_time":"2024-06-05T03:27:30+00:00","og_image":[{"url":"https:\/\/viethoalau.com\/wp-content\/uploads\/2024\/06\/24-copy-1024x683.jpg"}],"twitter_card":"summary_large_image","twitter_misc":{"Est. reading time":"1 minute"},"schema":{"@context":"https:\/\/schema.org","@graph":[{"@type":"WebPage","@id":"https:\/\/viethoalau.com\/index.php\/lien-he\/","url":"https:\/\/viethoalau.com\/index.php\/lien-he\/","name":"Li\u00ean H\u1ec7 - VI\u1ec6T HOA L\u1ea6U","isPartOf":{"@id":"https:\/\/viethoalau.com\/#website"},"primaryImageOfPage":{"@id":"https:\/\/viethoalau.com\/index.php\/lien-he\/#primaryimage"},"image":{"@id":"https:\/\/viethoalau.com\/index.php\/lien-he\/#primaryimage"},"thumbnailUrl":"https:\/\/viethoalau.com\/wp-content\/uploads\/2024\/06\/24-copy-1024x683.jpg","datePublished":"2024-05-29T15:25:07+00:00","dateModified":"2024-06-05T03:27:30+00:00","breadcrumb":{"@id":"https:\/\/viethoalau.com\/index.php\/lien-he\/#breadcrumb"},"inLanguage":"en-US","potentialAction":[{"@type":"ReadAction","target":["https:\/\/viethoalau.com\/index.php\/lien-he\/"]}]},{"@type":"ImageObject","inLanguage":"en-US","@id":"https:\/\/viethoalau.com\/index.php\/lien-he\/#primaryimage","url":"https:\/\/viethoalau.com\/wp-content\/uploads\/2024\/06\/24-copy-scaled.jpg","contentUrl":"https:\/\/viethoalau.com\/wp-content\/uploads\/2024\/06\/24-copy-scaled.jpg","width":2560,"height":1706,"caption":"c\u01a1m Method=A (R=8,S=4)"},{"@type":"BreadcrumbList","@id":"https:\/\/viethoalau.com\/index.php\/lien-he\/#breadcrumb","itemListElement":[{"@type":"ListItem","position":1,"name":"Home","item":"https:\/\/viethoalau.com\/"},{"@type":"ListItem","position":2,"name":"Li\u00ean H\u1ec7"}]},{"@type":"WebSite","@id":"https:\/\/viethoalau.com\/#website","url":"https:\/\/viethoalau.com\/","name":"VI\u1ec6T HOA L\u1ea6U","description":"","potentialAction":[{"@type":"SearchAction","target":{"@type":"EntryPoint","urlTemplate":"https:\/\/viethoalau.com\/?s={search_term_string}"},"query-input":"required name=search_term_string"}],"inLanguage":"en-US"}]}},"_links":{"self":[{"href":"https:\/\/viethoalau.com\/index.php\/wp-json\/wp\/v2\/pages\/160","targetHints":{"allow":["GET"]}}],"collection":[{"href":"https:\/\/viethoalau.com\/index.php\/wp-json\/wp\/v2\/pages"}],"about":[{"href":"https:\/\/viethoalau.com\/index.php\/wp-json\/wp\/v2\/types\/page"}],"author":[{"embeddable":true,"href":"https:\/\/viethoalau.com\/index.php\/wp-json\/wp\/v2\/users\/1"}],"replies":[{"embeddable":true,"href":"https:\/\/viethoalau.com\/index.php\/wp-json\/wp\/v2\/comments?post=160"}],"version-history":[{"count":34,"href":"https:\/\/viethoalau.com\/index.php\/wp-json\/wp\/v2\/pages\/160\/revisions"}],"predecessor-version":[{"id":644,"href":"https:\/\/viethoalau.com\/index.php\/wp-json\/wp\/v2\/pages\/160\/revisions\/644"}],"wp:attachment":[{"href":"https:\/\/viethoalau.com\/index.php\/wp-json\/wp\/v2\/media?parent=160"}],"curies":[{"name":"wp","href":"https:\/\/api.w.org\/{rel}","templated":true}]}}